{"id":34,"date":"2023-06-13T11:02:25","date_gmt":"2023-06-13T11:02:25","guid":{"rendered":"http:\/\/www.tiutinenkotka.fi\/?page_id=34"},"modified":"2026-04-08T06:36:35","modified_gmt":"2026-04-08T06:36:35","slug":"yhteystiedot","status":"publish","type":"page","link":"https:\/\/www.tiutinenkotka.fi\/?page_id=34","title":{"rendered":"Yhteystiedot"},"content":{"rendered":"\n<p><\/p>\n\n\n\n<p>Kyl\u00e4toimikunta:  Jari Elo, https:\/\/tiutinenkotka.fi, + 358 44 3550071,  jari.elo@kotka.fi<br>Kyl\u00e4n yhteis\u00f6llisyys, yhteisen toiminnan kehitt\u00e4minen, tapahtumat.<\/p>\n\n\n\n<p>Tiutisen Ty\u00f6v\u00e4entalo, Seuratie 4, 48930 Kotka. Tila on vuokrattavissa kaikkia juhliasi varten. + 358 45 1373232, tiutinen.ty.talo@gmail.com, <br><\/p>\n\n\n\n<p>Tiutisen Pyrint\u00f6, Pekka Elo, +358 40 7351309. Pyrint\u00f6 yll\u00e4pit\u00e4\u00e4 Ty\u00f6v\u00e4entalon kuntosalia ja j\u00e4rjest\u00e4\u00e4 liikunnallisia tapahtumia saarella. Kuntosalin avaimia on saatavana Ty\u00f6v\u00e4entalon kahviosta sen aukioloaikoina. <br><\/p>\n\n\n\n<p>Tiutisen VPK:  https:\/\/tiutisenvpk.com, Tiutisen saaripalokunta on perustettu 1927, palokunta toimii ns. II-valmiusasteen palokuntana. Vallihaudantie 15, 48930 Kotka,        +358 50 4677410, tiutinen.vpk@kympe.fi, Kimmo Koskikero +358 451114950<\/p>\n\n\n\n<p><br>Veneseura: Laituripaikat osoitteessa Vallikarintie 1,  Mikko Savia, 050 5298370, mikko.savia@storaenso.com<\/p>\n\n\n\n<p>Nuoret Kotkat<\/p>\n\n\n\n<iframe src=\"https:\/\/www.google.com\/maps\/embed?pb=!1m14!1m8!1m3!1d11124.15717677519!2d26.989608011630203!3d60.47011152295846!3m2!1i1024!2i768!4f13.1!3m3!1m2!1s0x46910cc433f7939d%3A0xf00b5523c1c0d70!2sTiutinen!5e0!3m2!1sfi!2sfi!4v1687944281734!5m2!1sfi!2sfi\" width=\"600\" height=\"450\" style=\"border:0;\" allowfullscreen=\"\" loading=\"lazy\" referrerpolicy=\"no-referrer-when-downgrade\"><\/iframe>\n","protected":false},"excerpt":{"rendered":"<p>Kyl\u00e4toimikunta: Jari Elo, https:\/\/tiutinenkotka.fi, + 358 44 3550071, jari.elo@kotka.fiKyl\u00e4n yhteis\u00f6llisyys, yhteisen toiminnan kehitt\u00e4minen, tapahtumat. Tiutisen Ty\u00f6v\u00e4entalo, Seuratie 4, 48930 Kotka. Tila on vuokrattavissa kaikkia juhliasi varten. + 358 45 1373232, tiutinen.ty.talo@gmail.com, Tiutisen Pyrint\u00f6, Pekka Elo, +358 40 7351309. Pyrint\u00f6 yll\u00e4pit\u00e4\u00e4 Ty\u00f6v\u00e4entalon kuntosalia ja j\u00e4rjest\u00e4\u00e4 liikunnallisia tapahtumia saarella. Kuntosalin avaimia on saatavana Ty\u00f6v\u00e4entalon kahviosta sen aukioloaikoina. &hellip; <\/p>\n<p class=\"link-more\"><a href=\"https:\/\/www.tiutinenkotka.fi\/?page_id=34\" class=\"more-link\">Jatka lukemista<span class=\"screen-reader-text\"> &#8221;Yhteystiedot&#8221;<\/span><\/a><\/p>\n","protected":false},"author":1,"featured_media":0,"parent":0,"menu_order":0,"comment_status":"closed","ping_status":"closed","template":"","meta":[],"_links":{"self":[{"href":"https:\/\/www.tiutinenkotka.fi\/index.php?rest_route=\/wp\/v2\/pages\/34"}],"collection":[{"href":"https:\/\/www.tiutinenkotka.fi\/index.php?rest_route=\/wp\/v2\/pages"}],"about":[{"href":"https:\/\/www.tiutinenkotka.fi\/index.php?rest_route=\/wp\/v2\/types\/page"}],"author":[{"embeddable":true,"href":"https:\/\/www.tiutinenkotka.fi\/index.php?rest_route=\/wp\/v2\/users\/1"}],"replies":[{"embeddable":true,"href":"https:\/\/www.tiutinenkotka.fi\/index.php?rest_route=%2Fwp%2Fv2%2Fcomments&post=34"}],"version-history":[{"count":6,"href":"https:\/\/www.tiutinenkotka.fi\/index.php?rest_route=\/wp\/v2\/pages\/34\/revisions"}],"predecessor-version":[{"id":367,"href":"https:\/\/www.tiutinenkotka.fi\/index.php?rest_route=\/wp\/v2\/pages\/34\/revisions\/367"}],"wp:attachment":[{"href":"https:\/\/www.tiutinenkotka.fi\/index.php?rest_route=%2Fwp%2Fv2%2Fmedia&parent=34"}],"curies":[{"name":"wp","href":"https:\/\/api.w.org\/{rel}","templated":true}]}}