{"id":29,"date":"2023-06-13T11:00:56","date_gmt":"2023-06-13T11:00:56","guid":{"rendered":"http:\/\/www.tiutinenkotka.fi\/?page_id=29"},"modified":"2023-08-18T06:19:06","modified_gmt":"2023-08-18T06:19:06","slug":"historia","status":"publish","type":"page","link":"https:\/\/www.tiutinenkotka.fi\/?page_id=29","title":{"rendered":"Historia"},"content":{"rendered":"\n<p>Tiutisen kyl\u00e4ll\u00e4 on mielenkiintoinen historia, joka n\u00e4kyy ymp\u00e4rist\u00f6ss\u00e4 vanhoina rakennuksina, laitureina ja kivijalkoina. Ven\u00e4l\u00e4iset vahvistivat Kymijoen rajalinjaa Ruotsille k\u00e4rsityn tappion j\u00e4lkeen Ruotsinsalmen toisessa meritaistelussa vuonna 1790, jolloin Tiutinen liitettiin osaksi linnoitusj\u00e4rjestelm\u00e4\u00e4. Redutit, joita on pyritty talkoilla kunnostamaan, kuvaavat hyvin saaren historiaa. Saaren varsinainen asutus syntyi sahateollisuuden my\u00f6t\u00e4 (Hallan saha, Tiutisen laatikkotehdas) 1900-luvun alussa ja on merkitt\u00e4v\u00e4 osa ty\u00f6v\u00e4enliikkeen historiaa. Tiivis kyl\u00e4yhteis\u00f6 ja saaren<br>olosuhteet loivat pohjan talkooty\u00f6lle ja lujittivat asukkaiden yhteis\u00f6llisyytt\u00e4. Teollisuusty\u00f6n ohella k\u00e4sity\u00f6l\u00e4isammatit ja osin meren tarjoamat mahdollisuudet t\u00e4ydensiv\u00e4t yhteiseloa. Saari k\u00e4rsimerkitt\u00e4vi\u00e4 vaurioita vuoden 1943 suurpalossa.<br>T\u00e4m\u00e4n traagisen tapahtuman j\u00e4lkeen saari on yhteis\u00f6llisesti j\u00e4lleenrakennettu vuosikymmenien aikana nykyisenlaiseksi idylliseksi ja viihtyis\u00e4ksi asuinalueeksi aivan Kotkan kaupunkikeskuksenkupeessa. Saarella el\u00e4\u00e4 edelleen vahva yhteis\u00f6llisyys, joka n\u00e4kyy erilaisina yhteisin\u00e4 projekteina sek\u00e4 ymp\u00e4rist\u00f6st\u00e4 huolehtimisena.<\/p>\n\n\n\n<p>\u201d Yhteisest\u00e4 tekemisest\u00e4, saaren historiasta ja v\u00e4litt\u00e4misest\u00e4. Vuoden Kymenlaaksolainen kyl\u00e4 2019. T\u00e4\u00e4ll\u00e4 on hyv\u00e4 asua ja el\u00e4\u00e4, eri-ik\u00e4isten ihmisten ymp\u00e4r\u00f6im\u00e4n\u00e4 kauniissa saaristoidylliss\u00e4.<br>Takapihoilta l\u00f6ytyy kauniita, rakkaudella hoidettuja helmi\u00e4. Vanhimmat talot ja pihat ovat yli satavuotiaita. Useat suvut ovat asuneet saarella vuosikymmeni\u00e4. Toimiva maayhteys mantereelta saarelle saatiin vuonna 1974, kun pengertie valmistui.\u201d<\/p>\n\n\n\n<h2 class=\"wp-block-heading\">Asuminen<\/h2>\n\n\n\n<p>Tiutisen saari on Kotkan merellisin pientaloalue. Tiutinen on yhdistelm\u00e4 kapeita kujia, kallellaan olevia verkkovajoja sek\u00e4 modernia asumista. Saaren tiiviisti asutun etel\u00e4osan sokkeloinen rakennuskanta periytyy 1900-luvun alkupuolelta, saaren keskiosan tarjotessa tontteja uusille rakentajille. Kotkan kupeessa sijaitsevanTiutisen saaren olemus syntyy saarta kauttaaltaan ymp\u00e4r\u00f6iv\u00e4st\u00e4 karikkoisesta merest\u00e4, Ruotsinsalmen meritaistelun historiallisista taistelupaikoista, aktiivisesta kyl\u00e4yhteis\u00f6st\u00e4 sek\u00e4 oman saaren vehre\u00e4st\u00e4 luonnosta. Tiutinen tunnetaan my\u00f6s nimell\u00e4 Tiuska.<\/p>\n\n\n\n<figure class=\"wp-block-image size-large\"><img decoding=\"async\" loading=\"lazy\" width=\"1024\" height=\"498\" src=\"http:\/\/www.tiutinenkotka.fi\/wp-content\/uploads\/2023\/08\/asuminen-1024x498.jpg\" alt=\"\" class=\"wp-image-144\" srcset=\"https:\/\/www.tiutinenkotka.fi\/wp-content\/uploads\/2023\/08\/asuminen-1024x498.jpg 1024w, https:\/\/www.tiutinenkotka.fi\/wp-content\/uploads\/2023\/08\/asuminen-300x146.jpg 300w, https:\/\/www.tiutinenkotka.fi\/wp-content\/uploads\/2023\/08\/asuminen-768x373.jpg 768w, https:\/\/www.tiutinenkotka.fi\/wp-content\/uploads\/2023\/08\/asuminen-1536x746.jpg 1536w, https:\/\/www.tiutinenkotka.fi\/wp-content\/uploads\/2023\/08\/asuminen-2048x995.jpg 2048w\" sizes=\"(max-width: 767px) 89vw, (max-width: 1000px) 54vw, (max-width: 1071px) 543px, 580px\" \/><\/figure>\n","protected":false},"excerpt":{"rendered":"<p>Tiutisen kyl\u00e4ll\u00e4 on mielenkiintoinen historia, joka n\u00e4kyy ymp\u00e4rist\u00f6ss\u00e4 vanhoina rakennuksina, laitureina ja kivijalkoina. Ven\u00e4l\u00e4iset vahvistivat Kymijoen rajalinjaa Ruotsille k\u00e4rsityn tappion j\u00e4lkeen Ruotsinsalmen toisessa meritaistelussa vuonna 1790, jolloin Tiutinen liitettiin osaksi linnoitusj\u00e4rjestelm\u00e4\u00e4. Redutit, joita on pyritty talkoilla kunnostamaan, kuvaavat hyvin saaren historiaa. Saaren varsinainen asutus syntyi sahateollisuuden my\u00f6t\u00e4 (Hallan saha, Tiutisen laatikkotehdas) 1900-luvun alussa ja on &hellip; <\/p>\n<p class=\"link-more\"><a href=\"https:\/\/www.tiutinenkotka.fi\/?page_id=29\" class=\"more-link\">Jatka lukemista<span class=\"screen-reader-text\"> &#8221;Historia&#8221;<\/span><\/a><\/p>\n","protected":false},"author":1,"featured_media":0,"parent":0,"menu_order":0,"comment_status":"closed","ping_status":"closed","template":"","meta":[],"_links":{"self":[{"href":"https:\/\/www.tiutinenkotka.fi\/index.php?rest_route=\/wp\/v2\/pages\/29"}],"collection":[{"href":"https:\/\/www.tiutinenkotka.fi\/index.php?rest_route=\/wp\/v2\/pages"}],"about":[{"href":"https:\/\/www.tiutinenkotka.fi\/index.php?rest_route=\/wp\/v2\/types\/page"}],"author":[{"embeddable":true,"href":"https:\/\/www.tiutinenkotka.fi\/index.php?rest_route=\/wp\/v2\/users\/1"}],"replies":[{"embeddable":true,"href":"https:\/\/www.tiutinenkotka.fi\/index.php?rest_route=%2Fwp%2Fv2%2Fcomments&post=29"}],"version-history":[{"count":9,"href":"https:\/\/www.tiutinenkotka.fi\/index.php?rest_route=\/wp\/v2\/pages\/29\/revisions"}],"predecessor-version":[{"id":204,"href":"https:\/\/www.tiutinenkotka.fi\/index.php?rest_route=\/wp\/v2\/pages\/29\/revisions\/204"}],"wp:attachment":[{"href":"https:\/\/www.tiutinenkotka.fi\/index.php?rest_route=%2Fwp%2Fv2%2Fmedia&parent=29"}],"curies":[{"name":"wp","href":"https:\/\/api.w.org\/{rel}","templated":true}]}}