{"id":27,"date":"2023-06-13T11:00:43","date_gmt":"2023-06-13T11:00:43","guid":{"rendered":"http:\/\/www.tiutinenkotka.fi\/?page_id=27"},"modified":"2024-05-14T06:00:54","modified_gmt":"2024-05-14T06:00:54","slug":"galleria","status":"publish","type":"page","link":"https:\/\/www.tiutinenkotka.fi\/?page_id=27","title":{"rendered":"Galleria"},"content":{"rendered":"\n<p>Gallerian kuvat Heidi Korjus<\/p>\n\n\n\n<figure class=\"wp-block-image size-full is-resized\"><img decoding=\"async\" loading=\"lazy\" src=\"http:\/\/www.tiutinenkotka.fi\/wp-content\/uploads\/2023\/08\/IMG_20200713_065650.jpg\" alt=\"\" class=\"wp-image-187\" width=\"672\" height=\"504\" srcset=\"https:\/\/www.tiutinenkotka.fi\/wp-content\/uploads\/2023\/08\/IMG_20200713_065650.jpg 800w, https:\/\/www.tiutinenkotka.fi\/wp-content\/uploads\/2023\/08\/IMG_20200713_065650-300x225.jpg 300w, https:\/\/www.tiutinenkotka.fi\/wp-content\/uploads\/2023\/08\/IMG_20200713_065650-768x576.jpg 768w\" sizes=\"(max-width: 672px) 100vw, 672px\" \/><\/figure>\n\n\n\n<figure class=\"wp-block-image size-full\"><img decoding=\"async\" loading=\"lazy\" width=\"800\" height=\"600\" src=\"http:\/\/www.tiutinenkotka.fi\/wp-content\/uploads\/2023\/08\/IMG_20210310_094617.jpg\" alt=\"\" class=\"wp-image-162\" srcset=\"https:\/\/www.tiutinenkotka.fi\/wp-content\/uploads\/2023\/08\/IMG_20210310_094617.jpg 800w, https:\/\/www.tiutinenkotka.fi\/wp-content\/uploads\/2023\/08\/IMG_20210310_094617-300x225.jpg 300w, https:\/\/www.tiutinenkotka.fi\/wp-content\/uploads\/2023\/08\/IMG_20210310_094617-768x576.jpg 768w\" sizes=\"(max-width: 767px) 89vw, (max-width: 1000px) 54vw, (max-width: 1071px) 543px, 580px\" \/><\/figure>\n\n\n\n<figure class=\"wp-block-image size-full is-resized\"><img decoding=\"async\" loading=\"lazy\" src=\"http:\/\/www.tiutinenkotka.fi\/wp-content\/uploads\/2023\/08\/IMG_20210117_104503.jpg\" alt=\"\" class=\"wp-image-158\" width=\"675\" height=\"505\" srcset=\"https:\/\/www.tiutinenkotka.fi\/wp-content\/uploads\/2023\/08\/IMG_20210117_104503.jpg 800w, https:\/\/www.tiutinenkotka.fi\/wp-content\/uploads\/2023\/08\/IMG_20210117_104503-300x225.jpg 300w, https:\/\/www.tiutinenkotka.fi\/wp-content\/uploads\/2023\/08\/IMG_20210117_104503-768x576.jpg 768w\" sizes=\"(max-width: 675px) 100vw, 675px\" \/><\/figure>\n\n\n\n<figure class=\"wp-block-image size-large\"><img decoding=\"async\" loading=\"lazy\" width=\"1024\" height=\"768\" src=\"http:\/\/www.tiutinenkotka.fi\/wp-content\/uploads\/2023\/08\/IMG_20210829_173750-1024x768.jpg\" alt=\"\" class=\"wp-image-174\" srcset=\"https:\/\/www.tiutinenkotka.fi\/wp-content\/uploads\/2023\/08\/IMG_20210829_173750-1024x768.jpg 1024w, https:\/\/www.tiutinenkotka.fi\/wp-content\/uploads\/2023\/08\/IMG_20210829_173750-300x225.jpg 300w, https:\/\/www.tiutinenkotka.fi\/wp-content\/uploads\/2023\/08\/IMG_20210829_173750-768x576.jpg 768w, https:\/\/www.tiutinenkotka.fi\/wp-content\/uploads\/2023\/08\/IMG_20210829_173750.jpg 1206w\" sizes=\"(max-width: 767px) 89vw, (max-width: 1000px) 54vw, (max-width: 1071px) 543px, 580px\" \/><\/figure>\n\n\n\n<figure class=\"wp-block-image size-large\"><img decoding=\"async\" loading=\"lazy\" width=\"1024\" height=\"768\" src=\"http:\/\/www.tiutinenkotka.fi\/wp-content\/uploads\/2023\/08\/IMG_20210821_183500-1024x768.jpg\" alt=\"\" class=\"wp-image-173\" srcset=\"https:\/\/www.tiutinenkotka.fi\/wp-content\/uploads\/2023\/08\/IMG_20210821_183500-1024x768.jpg 1024w, https:\/\/www.tiutinenkotka.fi\/wp-content\/uploads\/2023\/08\/IMG_20210821_183500-300x225.jpg 300w, https:\/\/www.tiutinenkotka.fi\/wp-content\/uploads\/2023\/08\/IMG_20210821_183500-768x576.jpg 768w, https:\/\/www.tiutinenkotka.fi\/wp-content\/uploads\/2023\/08\/IMG_20210821_183500.jpg 1206w\" sizes=\"(max-width: 767px) 89vw, (max-width: 1000px) 54vw, (max-width: 1071px) 543px, 580px\" \/><\/figure>\n\n\n\n<figure class=\"wp-block-image size-full\"><img decoding=\"async\" loading=\"lazy\" width=\"800\" height=\"600\" src=\"http:\/\/www.tiutinenkotka.fi\/wp-content\/uploads\/2023\/08\/IMG_20200904_073023.jpg\" alt=\"\" class=\"wp-image-150\" srcset=\"https:\/\/www.tiutinenkotka.fi\/wp-content\/uploads\/2023\/08\/IMG_20200904_073023.jpg 800w, https:\/\/www.tiutinenkotka.fi\/wp-content\/uploads\/2023\/08\/IMG_20200904_073023-300x225.jpg 300w, https:\/\/www.tiutinenkotka.fi\/wp-content\/uploads\/2023\/08\/IMG_20200904_073023-768x576.jpg 768w\" sizes=\"(max-width: 767px) 89vw, (max-width: 1000px) 54vw, (max-width: 1071px) 543px, 580px\" \/><\/figure>\n\n\n\n<figure class=\"wp-block-image size-full\"><img decoding=\"async\" loading=\"lazy\" width=\"800\" height=\"600\" src=\"http:\/\/www.tiutinenkotka.fi\/wp-content\/uploads\/2023\/08\/IMG_20200921_065456.jpg\" alt=\"\" class=\"wp-image-153\" srcset=\"https:\/\/www.tiutinenkotka.fi\/wp-content\/uploads\/2023\/08\/IMG_20200921_065456.jpg 800w, https:\/\/www.tiutinenkotka.fi\/wp-content\/uploads\/2023\/08\/IMG_20200921_065456-300x225.jpg 300w, https:\/\/www.tiutinenkotka.fi\/wp-content\/uploads\/2023\/08\/IMG_20200921_065456-768x576.jpg 768w\" sizes=\"(max-width: 767px) 89vw, (max-width: 1000px) 54vw, (max-width: 1071px) 543px, 580px\" \/><\/figure>\n\n\n\n<figure class=\"wp-block-image size-large\"><img decoding=\"async\" loading=\"lazy\" width=\"1024\" height=\"768\" src=\"http:\/\/www.tiutinenkotka.fi\/wp-content\/uploads\/2023\/08\/IMG_20230501_182407-1024x768.jpg\" alt=\"\" class=\"wp-image-179\" srcset=\"https:\/\/www.tiutinenkotka.fi\/wp-content\/uploads\/2023\/08\/IMG_20230501_182407-1024x768.jpg 1024w, https:\/\/www.tiutinenkotka.fi\/wp-content\/uploads\/2023\/08\/IMG_20230501_182407-300x225.jpg 300w, https:\/\/www.tiutinenkotka.fi\/wp-content\/uploads\/2023\/08\/IMG_20230501_182407-768x576.jpg 768w, https:\/\/www.tiutinenkotka.fi\/wp-content\/uploads\/2023\/08\/IMG_20230501_182407.jpg 1206w\" sizes=\"(max-width: 767px) 89vw, (max-width: 1000px) 54vw, (max-width: 1071px) 543px, 580px\" \/><\/figure>\n\n\n\n<figure class=\"wp-block-image size-full\"><img decoding=\"async\" loading=\"lazy\" width=\"800\" height=\"600\" src=\"http:\/\/www.tiutinenkotka.fi\/wp-content\/uploads\/2023\/08\/IMG_20210502_182329.jpg\" alt=\"\" class=\"wp-image-166\" srcset=\"https:\/\/www.tiutinenkotka.fi\/wp-content\/uploads\/2023\/08\/IMG_20210502_182329.jpg 800w, https:\/\/www.tiutinenkotka.fi\/wp-content\/uploads\/2023\/08\/IMG_20210502_182329-300x225.jpg 300w, https:\/\/www.tiutinenkotka.fi\/wp-content\/uploads\/2023\/08\/IMG_20210502_182329-768x576.jpg 768w\" sizes=\"(max-width: 767px) 89vw, (max-width: 1000px) 54vw, (max-width: 1071px) 543px, 580px\" \/><\/figure>\n\n\n\n<figure class=\"wp-block-image size-full\"><img decoding=\"async\" loading=\"lazy\" width=\"800\" height=\"600\" src=\"http:\/\/www.tiutinenkotka.fi\/wp-content\/uploads\/2023\/08\/IMG_20210531_082506.jpg\" alt=\"\" class=\"wp-image-168\" srcset=\"https:\/\/www.tiutinenkotka.fi\/wp-content\/uploads\/2023\/08\/IMG_20210531_082506.jpg 800w, https:\/\/www.tiutinenkotka.fi\/wp-content\/uploads\/2023\/08\/IMG_20210531_082506-300x225.jpg 300w, https:\/\/www.tiutinenkotka.fi\/wp-content\/uploads\/2023\/08\/IMG_20210531_082506-768x576.jpg 768w\" sizes=\"(max-width: 767px) 89vw, (max-width: 1000px) 54vw, (max-width: 1071px) 543px, 580px\" \/><\/figure>\n\n\n\n<figure class=\"wp-block-image size-large\"><img decoding=\"async\" loading=\"lazy\" width=\"1024\" height=\"768\" src=\"http:\/\/www.tiutinenkotka.fi\/wp-content\/uploads\/2023\/08\/IMG_20201031_092116-1-1024x768.jpg\" alt=\"\" class=\"wp-image-155\" srcset=\"https:\/\/www.tiutinenkotka.fi\/wp-content\/uploads\/2023\/08\/IMG_20201031_092116-1-1024x768.jpg 1024w, https:\/\/www.tiutinenkotka.fi\/wp-content\/uploads\/2023\/08\/IMG_20201031_092116-1-300x225.jpg 300w, https:\/\/www.tiutinenkotka.fi\/wp-content\/uploads\/2023\/08\/IMG_20201031_092116-1-768x576.jpg 768w, https:\/\/www.tiutinenkotka.fi\/wp-content\/uploads\/2023\/08\/IMG_20201031_092116-1.jpg 1206w\" sizes=\"(max-width: 767px) 89vw, (max-width: 1000px) 54vw, (max-width: 1071px) 543px, 580px\" \/><\/figure>\n\n\n\n<figure class=\"wp-block-image size-large\"><img decoding=\"async\" loading=\"lazy\" width=\"1024\" height=\"768\" src=\"http:\/\/www.tiutinenkotka.fi\/wp-content\/uploads\/2023\/08\/IMG_20230608_183921-1024x768.jpg\" alt=\"\" class=\"wp-image-180\" srcset=\"https:\/\/www.tiutinenkotka.fi\/wp-content\/uploads\/2023\/08\/IMG_20230608_183921-1024x768.jpg 1024w, https:\/\/www.tiutinenkotka.fi\/wp-content\/uploads\/2023\/08\/IMG_20230608_183921-300x225.jpg 300w, https:\/\/www.tiutinenkotka.fi\/wp-content\/uploads\/2023\/08\/IMG_20230608_183921-768x576.jpg 768w, https:\/\/www.tiutinenkotka.fi\/wp-content\/uploads\/2023\/08\/IMG_20230608_183921.jpg 1206w\" sizes=\"(max-width: 767px) 89vw, (max-width: 1000px) 54vw, (max-width: 1071px) 543px, 580px\" \/><\/figure>\n\n\n\n<h2 class=\"wp-block-heading\">Aurinkomyrsky\u00e4 Tiutisen etel\u00e4isell\u00e4 taivaalla, kuvat Satu Elo<\/h2>\n\n\n\n<figure class=\"wp-block-image size-large\"><img decoding=\"async\" loading=\"lazy\" width=\"1024\" height=\"576\" src=\"https:\/\/www.tiutinenkotka.fi\/wp-content\/uploads\/2024\/05\/image_50347521-1024x576.jpg\" alt=\"\" class=\"wp-image-272\" srcset=\"https:\/\/www.tiutinenkotka.fi\/wp-content\/uploads\/2024\/05\/image_50347521-1024x576.jpg 1024w, https:\/\/www.tiutinenkotka.fi\/wp-content\/uploads\/2024\/05\/image_50347521-300x169.jpg 300w, https:\/\/www.tiutinenkotka.fi\/wp-content\/uploads\/2024\/05\/image_50347521-768x432.jpg 768w, https:\/\/www.tiutinenkotka.fi\/wp-content\/uploads\/2024\/05\/image_50347521-1536x864.jpg 1536w, https:\/\/www.tiutinenkotka.fi\/wp-content\/uploads\/2024\/05\/image_50347521-2048x1152.jpg 2048w\" sizes=\"(max-width: 767px) 89vw, (max-width: 1000px) 54vw, (max-width: 1071px) 543px, 580px\" \/><\/figure>\n\n\n\n<figure class=\"wp-block-image size-large\"><img decoding=\"async\" loading=\"lazy\" width=\"1024\" height=\"768\" src=\"https:\/\/www.tiutinenkotka.fi\/wp-content\/uploads\/2024\/05\/image_50336257-1024x768.jpg\" alt=\"\" class=\"wp-image-271\" srcset=\"https:\/\/www.tiutinenkotka.fi\/wp-content\/uploads\/2024\/05\/image_50336257-1024x768.jpg 1024w, https:\/\/www.tiutinenkotka.fi\/wp-content\/uploads\/2024\/05\/image_50336257-300x225.jpg 300w, https:\/\/www.tiutinenkotka.fi\/wp-content\/uploads\/2024\/05\/image_50336257-768x576.jpg 768w, https:\/\/www.tiutinenkotka.fi\/wp-content\/uploads\/2024\/05\/image_50336257-1536x1152.jpg 1536w, https:\/\/www.tiutinenkotka.fi\/wp-content\/uploads\/2024\/05\/image_50336257-2048x1536.jpg 2048w\" sizes=\"(max-width: 767px) 89vw, (max-width: 1000px) 54vw, (max-width: 1071px) 543px, 580px\" \/><\/figure>\n\n\n\n<figure class=\"wp-block-image size-large\"><img decoding=\"async\" loading=\"lazy\" width=\"1024\" height=\"576\" src=\"https:\/\/www.tiutinenkotka.fi\/wp-content\/uploads\/2024\/05\/image_50356737-1024x576.jpg\" alt=\"\" class=\"wp-image-273\" srcset=\"https:\/\/www.tiutinenkotka.fi\/wp-content\/uploads\/2024\/05\/image_50356737-1024x576.jpg 1024w, https:\/\/www.tiutinenkotka.fi\/wp-content\/uploads\/2024\/05\/image_50356737-300x169.jpg 300w, https:\/\/www.tiutinenkotka.fi\/wp-content\/uploads\/2024\/05\/image_50356737-768x432.jpg 768w, https:\/\/www.tiutinenkotka.fi\/wp-content\/uploads\/2024\/05\/image_50356737-1536x864.jpg 1536w, https:\/\/www.tiutinenkotka.fi\/wp-content\/uploads\/2024\/05\/image_50356737-2048x1152.jpg 2048w\" sizes=\"(max-width: 767px) 89vw, (max-width: 1000px) 54vw, (max-width: 1071px) 543px, 580px\" \/><\/figure>\n\n\n\n<figure class=\"wp-block-image size-large is-resized\"><img decoding=\"async\" loading=\"lazy\" src=\"https:\/\/www.tiutinenkotka.fi\/wp-content\/uploads\/2024\/05\/image_50371073-768x1024.jpg\" alt=\"\" class=\"wp-image-274\" width=\"675\" height=\"899\" srcset=\"https:\/\/www.tiutinenkotka.fi\/wp-content\/uploads\/2024\/05\/image_50371073-768x1024.jpg 768w, https:\/\/www.tiutinenkotka.fi\/wp-content\/uploads\/2024\/05\/image_50371073-225x300.jpg 225w, https:\/\/www.tiutinenkotka.fi\/wp-content\/uploads\/2024\/05\/image_50371073-1152x1536.jpg 1152w, https:\/\/www.tiutinenkotka.fi\/wp-content\/uploads\/2024\/05\/image_50371073-1536x2048.jpg 1536w, https:\/\/www.tiutinenkotka.fi\/wp-content\/uploads\/2024\/05\/image_50371073-scaled.jpg 1920w\" sizes=\"(max-width: 675px) 100vw, 675px\" \/><\/figure>\n","protected":false},"excerpt":{"rendered":"<p>Gallerian kuvat Heidi Korjus Aurinkomyrsky\u00e4 Tiutisen etel\u00e4isell\u00e4 taivaalla, kuvat Satu Elo<\/p>\n","protected":false},"author":1,"featured_media":0,"parent":0,"menu_order":0,"comment_status":"closed","ping_status":"closed","template":"","meta":[],"_links":{"self":[{"href":"https:\/\/www.tiutinenkotka.fi\/index.php?rest_route=\/wp\/v2\/pages\/27"}],"collection":[{"href":"https:\/\/www.tiutinenkotka.fi\/index.php?rest_route=\/wp\/v2\/pages"}],"about":[{"href":"https:\/\/www.tiutinenkotka.fi\/index.php?rest_route=\/wp\/v2\/types\/page"}],"author":[{"embeddable":true,"href":"https:\/\/www.tiutinenkotka.fi\/index.php?rest_route=\/wp\/v2\/users\/1"}],"replies":[{"embeddable":true,"href":"https:\/\/www.tiutinenkotka.fi\/index.php?rest_route=%2Fwp%2Fv2%2Fcomments&post=27"}],"version-history":[{"count":12,"href":"https:\/\/www.tiutinenkotka.fi\/index.php?rest_route=\/wp\/v2\/pages\/27\/revisions"}],"predecessor-version":[{"id":275,"href":"https:\/\/www.tiutinenkotka.fi\/index.php?rest_route=\/wp\/v2\/pages\/27\/revisions\/275"}],"wp:attachment":[{"href":"https:\/\/www.tiutinenkotka.fi\/index.php?rest_route=%2Fwp%2Fv2%2Fmedia&parent=27"}],"curies":[{"name":"wp","href":"https:\/\/api.w.org\/{rel}","templated":true}]}}